{"id":805,"date":"2025-04-23T18:14:34","date_gmt":"2025-04-23T16:14:34","guid":{"rendered":"https:\/\/lesateliersbuissonniers.com\/?page_id=805"},"modified":"2025-04-23T18:17:24","modified_gmt":"2025-04-23T16:17:24","slug":"braque-assez","status":"publish","type":"page","link":"https:\/\/lesateliersbuissonniers.com\/index.php\/braque-assez\/","title":{"rendered":"Braque Assez"},"content":{"rendered":"\n<p class=\"has-text-align-center\">Car les Buissonniers, \u00e7a n&rsquo;est pas que du th\u00e9\u00e2tre !!! Retrouvez Marion, Abdelslam et Yann dans la mini-s\u00e9rie maison \u00ab\u00a0Braque assez\u00a0\u00bb ! Voici le 1er \u00e9pisode \ud83d\ude42<\/p>\n\n\n\n<figure class=\"wp-block-embed is-type-video is-provider-youtube wp-block-embed-youtube wp-embed-aspect-16-9 wp-has-aspect-ratio\"><div class=\"wp-block-embed__wrapper\">\n<iframe loading=\"lazy\" title=\"BRAQUE ASSEZ - Fous ta cagoule (\u00e9pisode 1)\" width=\"580\" height=\"326\" src=\"https:\/\/www.youtube.com\/embed\/AJQ1rNUQ4jI?feature=oembed\" frameborder=\"0\" allow=\"accelerometer; autoplay; clipboard-write; encrypted-media; gyroscope; picture-in-picture; web-share\" referrerpolicy=\"strict-origin-when-cross-origin\" allowfullscreen><\/iframe>\n<\/div><\/figure>\n\n\n\n<p class=\"has-text-align-center\">Tous les autres \u00e9pisodes sont disponibles sur la cha\u00eene <a href=\"https:\/\/www.youtube.com\/@BraqueAssez\/videos\">YouTube<\/a><\/p>\n\n\n\n<p><\/p>\n\n\n\n<p><\/p>\n","protected":false},"excerpt":{"rendered":"<p>Car les Buissonniers, \u00e7a n&rsquo;est pas que du th\u00e9\u00e2tre !!! Retrouvez Marion, Abdelslam et Yann dans la mini-s\u00e9rie maison \u00ab\u00a0Braque assez\u00a0\u00bb ! Voici le 1er \u00e9pisode \ud83d\ude42 Tous les autres \u00e9pisodes sont disponibles sur la cha\u00eene YouTube<\/p>\n","protected":false},"author":1,"featured_media":0,"parent":0,"menu_order":0,"comment_status":"closed","ping_status":"closed","template":"","meta":{"spay_email":"","footnotes":""},"class_list":["post-805","page","type-page","status-publish","hentry"],"yoast_head":"<!-- This site is optimized with the Yoast SEO plugin v18.4.1 - https:\/\/yoast.com\/wordpress\/plugins\/seo\/ -->\n<title>Braque Assez - Les Ateliers Buissonniers<\/title>\n<meta name=\"description\" content=\"Bienvenue chez les Ateliers Buissonniers ! Joyeuse troupe de th\u00e9\u00e2tre \u00e0 Ferney-Voltaire.\" \/>\n<meta name=\"robots\" content=\"index, follow, max-snippet:-1, max-image-preview:large, max-video-preview:-1\" \/>\n<link rel=\"canonical\" href=\"https:\/\/lesateliersbuissonniers.com\/index.php\/braque-assez\/\" \/>\n<meta property=\"og:locale\" content=\"fr_FR\" \/>\n<meta property=\"og:type\" content=\"article\" \/>\n<meta property=\"og:title\" content=\"Braque Assez - Les Ateliers Buissonniers\" \/>\n<meta property=\"og:description\" content=\"Bienvenue chez les Ateliers Buissonniers ! Joyeuse troupe de th\u00e9\u00e2tre \u00e0 Ferney-Voltaire.\" \/>\n<meta property=\"og:url\" content=\"https:\/\/lesateliersbuissonniers.com\/index.php\/braque-assez\/\" \/>\n<meta property=\"og:site_name\" content=\"Les Ateliers Buissonniers\" \/>\n<meta property=\"article:modified_time\" content=\"2025-04-23T16:17:24+00:00\" \/>\n<meta name=\"twitter:card\" content=\"summary_large_image\" \/>\n<script type=\"application\/ld+json\" class=\"yoast-schema-graph\">{\"@context\":\"https:\/\/schema.org\",\"@graph\":[{\"@type\":\"WebSite\",\"@id\":\"https:\/\/lesateliersbuissonniers.com\/#website\",\"url\":\"https:\/\/lesateliersbuissonniers.com\/\",\"name\":\"Les Ateliers Buissonniers\",\"description\":\"\",\"potentialAction\":[{\"@type\":\"SearchAction\",\"target\":{\"@type\":\"EntryPoint\",\"urlTemplate\":\"https:\/\/lesateliersbuissonniers.com\/?s={search_term_string}\"},\"query-input\":\"required name=search_term_string\"}],\"inLanguage\":\"fr-FR\"},{\"@type\":\"WebPage\",\"@id\":\"https:\/\/lesateliersbuissonniers.com\/index.php\/braque-assez\/#webpage\",\"url\":\"https:\/\/lesateliersbuissonniers.com\/index.php\/braque-assez\/\",\"name\":\"Braque Assez - Les Ateliers Buissonniers\",\"isPartOf\":{\"@id\":\"https:\/\/lesateliersbuissonniers.com\/#website\"},\"datePublished\":\"2025-04-23T16:14:34+00:00\",\"dateModified\":\"2025-04-23T16:17:24+00:00\",\"description\":\"Bienvenue chez les Ateliers Buissonniers ! Joyeuse troupe de th\u00e9\u00e2tre \u00e0 Ferney-Voltaire.\",\"breadcrumb\":{\"@id\":\"https:\/\/lesateliersbuissonniers.com\/index.php\/braque-assez\/#breadcrumb\"},\"inLanguage\":\"fr-FR\",\"potentialAction\":[{\"@type\":\"ReadAction\",\"target\":[\"https:\/\/lesateliersbuissonniers.com\/index.php\/braque-assez\/\"]}]},{\"@type\":\"BreadcrumbList\",\"@id\":\"https:\/\/lesateliersbuissonniers.com\/index.php\/braque-assez\/#breadcrumb\",\"itemListElement\":[{\"@type\":\"ListItem\",\"position\":1,\"name\":\"Accueil\",\"item\":\"https:\/\/lesateliersbuissonniers.com\/\"},{\"@type\":\"ListItem\",\"position\":2,\"name\":\"Braque Assez\"}]}]}<\/script>\n<!-- \/ Yoast SEO plugin. -->","yoast_head_json":{"title":"Braque Assez - Les Ateliers Buissonniers","description":"Bienvenue chez les Ateliers Buissonniers ! Joyeuse troupe de th\u00e9\u00e2tre \u00e0 Ferney-Voltaire.","robots":{"index":"index","follow":"follow","max-snippet":"max-snippet:-1","max-image-preview":"max-image-preview:large","max-video-preview":"max-video-preview:-1"},"canonical":"https:\/\/lesateliersbuissonniers.com\/index.php\/braque-assez\/","og_locale":"fr_FR","og_type":"article","og_title":"Braque Assez - Les Ateliers Buissonniers","og_description":"Bienvenue chez les Ateliers Buissonniers ! Joyeuse troupe de th\u00e9\u00e2tre \u00e0 Ferney-Voltaire.","og_url":"https:\/\/lesateliersbuissonniers.com\/index.php\/braque-assez\/","og_site_name":"Les Ateliers Buissonniers","article_modified_time":"2025-04-23T16:17:24+00:00","twitter_card":"summary_large_image","schema":{"@context":"https:\/\/schema.org","@graph":[{"@type":"WebSite","@id":"https:\/\/lesateliersbuissonniers.com\/#website","url":"https:\/\/lesateliersbuissonniers.com\/","name":"Les Ateliers Buissonniers","description":"","potentialAction":[{"@type":"SearchAction","target":{"@type":"EntryPoint","urlTemplate":"https:\/\/lesateliersbuissonniers.com\/?s={search_term_string}"},"query-input":"required name=search_term_string"}],"inLanguage":"fr-FR"},{"@type":"WebPage","@id":"https:\/\/lesateliersbuissonniers.com\/index.php\/braque-assez\/#webpage","url":"https:\/\/lesateliersbuissonniers.com\/index.php\/braque-assez\/","name":"Braque Assez - Les Ateliers Buissonniers","isPartOf":{"@id":"https:\/\/lesateliersbuissonniers.com\/#website"},"datePublished":"2025-04-23T16:14:34+00:00","dateModified":"2025-04-23T16:17:24+00:00","description":"Bienvenue chez les Ateliers Buissonniers ! Joyeuse troupe de th\u00e9\u00e2tre \u00e0 Ferney-Voltaire.","breadcrumb":{"@id":"https:\/\/lesateliersbuissonniers.com\/index.php\/braque-assez\/#breadcrumb"},"inLanguage":"fr-FR","potentialAction":[{"@type":"ReadAction","target":["https:\/\/lesateliersbuissonniers.com\/index.php\/braque-assez\/"]}]},{"@type":"BreadcrumbList","@id":"https:\/\/lesateliersbuissonniers.com\/index.php\/braque-assez\/#breadcrumb","itemListElement":[{"@type":"ListItem","position":1,"name":"Accueil","item":"https:\/\/lesateliersbuissonniers.com\/"},{"@type":"ListItem","position":2,"name":"Braque Assez"}]}]}},"_links":{"self":[{"href":"https:\/\/lesateliersbuissonniers.com\/index.php\/wp-json\/wp\/v2\/pages\/805","targetHints":{"allow":["GET"]}}],"collection":[{"href":"https:\/\/lesateliersbuissonniers.com\/index.php\/wp-json\/wp\/v2\/pages"}],"about":[{"href":"https:\/\/lesateliersbuissonniers.com\/index.php\/wp-json\/wp\/v2\/types\/page"}],"author":[{"embeddable":true,"href":"https:\/\/lesateliersbuissonniers.com\/index.php\/wp-json\/wp\/v2\/users\/1"}],"replies":[{"embeddable":true,"href":"https:\/\/lesateliersbuissonniers.com\/index.php\/wp-json\/wp\/v2\/comments?post=805"}],"version-history":[{"count":3,"href":"https:\/\/lesateliersbuissonniers.com\/index.php\/wp-json\/wp\/v2\/pages\/805\/revisions"}],"predecessor-version":[{"id":809,"href":"https:\/\/lesateliersbuissonniers.com\/index.php\/wp-json\/wp\/v2\/pages\/805\/revisions\/809"}],"wp:attachment":[{"href":"https:\/\/lesateliersbuissonniers.com\/index.php\/wp-json\/wp\/v2\/media?parent=805"}],"curies":[{"name":"wp","href":"https:\/\/api.w.org\/{rel}","templated":true}]}}