{"id":110,"date":"2022-04-12T17:09:06","date_gmt":"2022-04-12T15:09:06","guid":{"rendered":"http:\/\/lesateliersbuissonniers.com\/?page_id=110"},"modified":"2024-05-22T21:08:44","modified_gmt":"2024-05-22T19:08:44","slug":"ils-parlent-de-nous","status":"publish","type":"page","link":"https:\/\/lesateliersbuissonniers.com\/index.php\/ils-parlent-de-nous\/","title":{"rendered":"Ils parlent de nous"},"content":{"rendered":"\n<p class=\"has-text-align-center\"><strong>\u00ab\u00a0F\u00e9minines\u00a0\u00bb<\/strong><\/p>\n\n\n\n<figure class=\"wp-block-embed is-type-wp-embed is-provider-la-voix-de-l-039-ain wp-block-embed-la-voix-de-l-039-ain\"><div class=\"wp-block-embed__wrapper\">\n<blockquote class=\"wp-embedded-content\" data-secret=\"Q8GkgqHAKD\"><a href=\"https:\/\/www.lavoixdelain.fr\/ain-ferney-voltaire-lhistoire-de-la-premiere-equipe-de-foot-feminin-en-france-au-theatre\/\">Ain &#8211; Ferney-Voltaire : L&rsquo;histoire de la premi\u00e8re \u00e9quipe de foot f\u00e9minin en France au th\u00e9\u00e2tre<\/a><\/blockquote><iframe loading=\"lazy\" class=\"wp-embedded-content\" sandbox=\"allow-scripts\" security=\"restricted\" style=\"position: absolute; clip: rect(1px, 1px, 1px, 1px);\" title=\"\u00ab\u00a0Ain &#8211; Ferney-Voltaire : L&rsquo;histoire de la premi\u00e8re \u00e9quipe de foot f\u00e9minin en France au th\u00e9\u00e2tre\u00a0\u00bb &#8212; La Voix de l&#039;Ain\" src=\"https:\/\/www.lavoixdelain.fr\/ain-ferney-voltaire-lhistoire-de-la-premiere-equipe-de-foot-feminin-en-france-au-theatre\/embed\/#?secret=dzsdpofBl2#?secret=Q8GkgqHAKD\" data-secret=\"Q8GkgqHAKD\" width=\"580\" height=\"327\" frameborder=\"0\" marginwidth=\"0\" marginheight=\"0\" scrolling=\"no\"><\/iframe>\n<\/div><\/figure>\n\n\n\n<figure class=\"wp-block-image size-large\"><img loading=\"lazy\" decoding=\"async\" width=\"768\" height=\"1024\" src=\"https:\/\/lesateliersbuissonniers.com\/wp-content\/uploads\/2024\/05\/IMG-20240522-WA0006-768x1024.jpg\" alt=\"\" class=\"wp-image-522\" srcset=\"https:\/\/lesateliersbuissonniers.com\/wp-content\/uploads\/2024\/05\/IMG-20240522-WA0006-768x1024.jpg 768w, https:\/\/lesateliersbuissonniers.com\/wp-content\/uploads\/2024\/05\/IMG-20240522-WA0006-225x300.jpg 225w, https:\/\/lesateliersbuissonniers.com\/wp-content\/uploads\/2024\/05\/IMG-20240522-WA0006-1152x1536.jpg 1152w, https:\/\/lesateliersbuissonniers.com\/wp-content\/uploads\/2024\/05\/IMG-20240522-WA0006.jpg 1200w\" sizes=\"auto, (max-width: 768px) 100vw, 768px\" \/><figcaption class=\"wp-element-caption\">Article du Dauphin\u00e9 Lib\u00e9r\u00e9 &#8211; 22\/05\/2024<\/figcaption><\/figure>\n\n\n\n<p><\/p>\n\n\n\n<p class=\"has-text-align-center\"><strong>\u00ab\u00a0Ph\u00e8dre sans Racine\u00a0\u00bb<\/strong> <\/p>\n\n\n\n<figure class=\"wp-block-image alignwide size-large\"><img loading=\"lazy\" decoding=\"async\" width=\"1024\" height=\"571\" src=\"https:\/\/lesateliersbuissonniers.com\/wp-content\/uploads\/2022\/05\/LeDauphine-29052022-2048px-1024x571.jpg\" alt=\"\" class=\"wp-image-200\" srcset=\"https:\/\/lesateliersbuissonniers.com\/wp-content\/uploads\/2022\/05\/LeDauphine-29052022-2048px-1024x571.jpg 1024w, https:\/\/lesateliersbuissonniers.com\/wp-content\/uploads\/2022\/05\/LeDauphine-29052022-2048px-300x167.jpg 300w, https:\/\/lesateliersbuissonniers.com\/wp-content\/uploads\/2022\/05\/LeDauphine-29052022-2048px-768x428.jpg 768w, https:\/\/lesateliersbuissonniers.com\/wp-content\/uploads\/2022\/05\/LeDauphine-29052022-2048px-1536x856.jpg 1536w, https:\/\/lesateliersbuissonniers.com\/wp-content\/uploads\/2022\/05\/LeDauphine-29052022-2048px-1200x669.jpg 1200w, https:\/\/lesateliersbuissonniers.com\/wp-content\/uploads\/2022\/05\/LeDauphine-29052022-2048px-1980x1103.jpg 1980w, https:\/\/lesateliersbuissonniers.com\/wp-content\/uploads\/2022\/05\/LeDauphine-29052022-2048px.jpg 2048w\" sizes=\"auto, (max-width: 1024px) 100vw, 1024px\" \/><figcaption class=\"wp-element-caption\"><a href=\"https:\/\/www.ledauphine.com\/culture-loisirs\/2022\/05\/28\/les-ateliers-buissonniers-ont-apporte-la-preuve-que-racine-peut-faire-rire\">Article du \u00ab\u00a0Dauphin\u00e9 Lib\u00e9r\u00e9\u00a0\u00bb &#8211; 29 Mai 2022<\/a><\/figcaption><\/figure>\n\n\n\n<div class=\"wp-block-media-text alignwide is-stacked-on-mobile\"><figure class=\"wp-block-media-text__media\"><img loading=\"lazy\" decoding=\"async\" width=\"980\" height=\"680\" src=\"http:\/\/lesateliersbuissonniers.com\/wp-content\/uploads\/2022\/04\/Enfance-et-Cancer-Reportage-10-Copyright-MyriamDupouy-Reseaux-Sociaux.jpg\" alt=\"\" class=\"wp-image-114 size-full\" srcset=\"https:\/\/lesateliersbuissonniers.com\/wp-content\/uploads\/2022\/04\/Enfance-et-Cancer-Reportage-10-Copyright-MyriamDupouy-Reseaux-Sociaux.jpg 980w, https:\/\/lesateliersbuissonniers.com\/wp-content\/uploads\/2022\/04\/Enfance-et-Cancer-Reportage-10-Copyright-MyriamDupouy-Reseaux-Sociaux-300x208.jpg 300w, https:\/\/lesateliersbuissonniers.com\/wp-content\/uploads\/2022\/04\/Enfance-et-Cancer-Reportage-10-Copyright-MyriamDupouy-Reseaux-Sociaux-768x533.jpg 768w\" sizes=\"auto, (max-width: 980px) 100vw, 980px\" \/><\/figure><div class=\"wp-block-media-text__content\">\n<p class=\"has-large-font-size\"><a href=\"https:\/\/enfance-et-cancer.org\/retrospective-soiree-theatre-04-2022\/\">R\u00e9trospective de la P\u00e9pite Sc\u00e9nique \u00ab\u00a0Ph\u00e8dre sans Racine\u00a0\u00bb du 2 avril 2022 \u00e0 la salle du Vidolet \u00e0 Cessy, au profit de l&rsquo;association Enfance &amp; Cancer.<\/a><\/p>\n<\/div><\/div>\n","protected":false},"excerpt":{"rendered":"<p>\u00ab\u00a0F\u00e9minines\u00a0\u00bb \u00ab\u00a0Ph\u00e8dre sans Racine\u00a0\u00bb R\u00e9trospective de la P\u00e9pite Sc\u00e9nique \u00ab\u00a0Ph\u00e8dre sans Racine\u00a0\u00bb du 2 avril 2022 \u00e0 la salle du Vidolet \u00e0 Cessy, au profit de l&rsquo;association Enfance &amp; Cancer.<\/p>\n","protected":false},"author":1,"featured_media":0,"parent":0,"menu_order":0,"comment_status":"closed","ping_status":"closed","template":"","meta":{"spay_email":"","footnotes":""},"class_list":["post-110","page","type-page","status-publish","hentry"],"yoast_head":"<!-- This site is optimized with the Yoast SEO plugin v18.4.1 - https:\/\/yoast.com\/wordpress\/plugins\/seo\/ -->\n<title>Ils parlent de nous - Les Ateliers Buissonniers<\/title>\n<meta name=\"description\" content=\"Bienvenue chez les Ateliers Buissonniers ! Joyeuse troupe de th\u00e9\u00e2tre \u00e0 Ferney-Voltaire.\" \/>\n<meta name=\"robots\" content=\"index, follow, max-snippet:-1, max-image-preview:large, max-video-preview:-1\" \/>\n<link rel=\"canonical\" href=\"https:\/\/lesateliersbuissonniers.com\/index.php\/ils-parlent-de-nous\/\" \/>\n<meta property=\"og:locale\" content=\"fr_FR\" \/>\n<meta property=\"og:type\" content=\"article\" \/>\n<meta property=\"og:title\" content=\"Ils parlent de nous - Les Ateliers Buissonniers\" \/>\n<meta property=\"og:description\" content=\"Bienvenue chez les Ateliers Buissonniers ! Joyeuse troupe de th\u00e9\u00e2tre \u00e0 Ferney-Voltaire.\" \/>\n<meta property=\"og:url\" content=\"https:\/\/lesateliersbuissonniers.com\/index.php\/ils-parlent-de-nous\/\" \/>\n<meta property=\"og:site_name\" content=\"Les Ateliers Buissonniers\" \/>\n<meta property=\"article:modified_time\" content=\"2024-05-22T19:08:44+00:00\" \/>\n<meta property=\"og:image\" content=\"https:\/\/lesateliersbuissonniers.com\/wp-content\/uploads\/2024\/05\/IMG-20240522-WA0006-768x1024.jpg\" \/>\n<meta name=\"twitter:card\" content=\"summary_large_image\" \/>\n<meta name=\"twitter:label1\" content=\"Dur\u00e9e de lecture estim\u00e9e\" \/>\n\t<meta name=\"twitter:data1\" content=\"1 minute\" \/>\n<script type=\"application\/ld+json\" class=\"yoast-schema-graph\">{\"@context\":\"https:\/\/schema.org\",\"@graph\":[{\"@type\":\"WebSite\",\"@id\":\"https:\/\/lesateliersbuissonniers.com\/#website\",\"url\":\"https:\/\/lesateliersbuissonniers.com\/\",\"name\":\"Les Ateliers Buissonniers\",\"description\":\"\",\"potentialAction\":[{\"@type\":\"SearchAction\",\"target\":{\"@type\":\"EntryPoint\",\"urlTemplate\":\"https:\/\/lesateliersbuissonniers.com\/?s={search_term_string}\"},\"query-input\":\"required name=search_term_string\"}],\"inLanguage\":\"fr-FR\"},{\"@type\":\"ImageObject\",\"@id\":\"https:\/\/lesateliersbuissonniers.com\/index.php\/ils-parlent-de-nous\/#primaryimage\",\"inLanguage\":\"fr-FR\",\"url\":\"https:\/\/lesateliersbuissonniers.com\/wp-content\/uploads\/2024\/05\/IMG-20240522-WA0006.jpg\",\"contentUrl\":\"https:\/\/lesateliersbuissonniers.com\/wp-content\/uploads\/2024\/05\/IMG-20240522-WA0006.jpg\",\"width\":1200,\"height\":1600},{\"@type\":\"WebPage\",\"@id\":\"https:\/\/lesateliersbuissonniers.com\/index.php\/ils-parlent-de-nous\/#webpage\",\"url\":\"https:\/\/lesateliersbuissonniers.com\/index.php\/ils-parlent-de-nous\/\",\"name\":\"Ils parlent de nous - Les Ateliers Buissonniers\",\"isPartOf\":{\"@id\":\"https:\/\/lesateliersbuissonniers.com\/#website\"},\"primaryImageOfPage\":{\"@id\":\"https:\/\/lesateliersbuissonniers.com\/index.php\/ils-parlent-de-nous\/#primaryimage\"},\"datePublished\":\"2022-04-12T15:09:06+00:00\",\"dateModified\":\"2024-05-22T19:08:44+00:00\",\"description\":\"Bienvenue chez les Ateliers Buissonniers ! Joyeuse troupe de th\u00e9\u00e2tre \u00e0 Ferney-Voltaire.\",\"breadcrumb\":{\"@id\":\"https:\/\/lesateliersbuissonniers.com\/index.php\/ils-parlent-de-nous\/#breadcrumb\"},\"inLanguage\":\"fr-FR\",\"potentialAction\":[{\"@type\":\"ReadAction\",\"target\":[\"https:\/\/lesateliersbuissonniers.com\/index.php\/ils-parlent-de-nous\/\"]}]},{\"@type\":\"BreadcrumbList\",\"@id\":\"https:\/\/lesateliersbuissonniers.com\/index.php\/ils-parlent-de-nous\/#breadcrumb\",\"itemListElement\":[{\"@type\":\"ListItem\",\"position\":1,\"name\":\"Accueil\",\"item\":\"https:\/\/lesateliersbuissonniers.com\/\"},{\"@type\":\"ListItem\",\"position\":2,\"name\":\"Ils parlent de nous\"}]}]}<\/script>\n<!-- \/ Yoast SEO plugin. -->","yoast_head_json":{"title":"Ils parlent de nous - Les Ateliers Buissonniers","description":"Bienvenue chez les Ateliers Buissonniers ! Joyeuse troupe de th\u00e9\u00e2tre \u00e0 Ferney-Voltaire.","robots":{"index":"index","follow":"follow","max-snippet":"max-snippet:-1","max-image-preview":"max-image-preview:large","max-video-preview":"max-video-preview:-1"},"canonical":"https:\/\/lesateliersbuissonniers.com\/index.php\/ils-parlent-de-nous\/","og_locale":"fr_FR","og_type":"article","og_title":"Ils parlent de nous - Les Ateliers Buissonniers","og_description":"Bienvenue chez les Ateliers Buissonniers ! Joyeuse troupe de th\u00e9\u00e2tre \u00e0 Ferney-Voltaire.","og_url":"https:\/\/lesateliersbuissonniers.com\/index.php\/ils-parlent-de-nous\/","og_site_name":"Les Ateliers Buissonniers","article_modified_time":"2024-05-22T19:08:44+00:00","og_image":[{"url":"https:\/\/lesateliersbuissonniers.com\/wp-content\/uploads\/2024\/05\/IMG-20240522-WA0006-768x1024.jpg"}],"twitter_card":"summary_large_image","twitter_misc":{"Dur\u00e9e de lecture estim\u00e9e":"1 minute"},"schema":{"@context":"https:\/\/schema.org","@graph":[{"@type":"WebSite","@id":"https:\/\/lesateliersbuissonniers.com\/#website","url":"https:\/\/lesateliersbuissonniers.com\/","name":"Les Ateliers Buissonniers","description":"","potentialAction":[{"@type":"SearchAction","target":{"@type":"EntryPoint","urlTemplate":"https:\/\/lesateliersbuissonniers.com\/?s={search_term_string}"},"query-input":"required name=search_term_string"}],"inLanguage":"fr-FR"},{"@type":"ImageObject","@id":"https:\/\/lesateliersbuissonniers.com\/index.php\/ils-parlent-de-nous\/#primaryimage","inLanguage":"fr-FR","url":"https:\/\/lesateliersbuissonniers.com\/wp-content\/uploads\/2024\/05\/IMG-20240522-WA0006.jpg","contentUrl":"https:\/\/lesateliersbuissonniers.com\/wp-content\/uploads\/2024\/05\/IMG-20240522-WA0006.jpg","width":1200,"height":1600},{"@type":"WebPage","@id":"https:\/\/lesateliersbuissonniers.com\/index.php\/ils-parlent-de-nous\/#webpage","url":"https:\/\/lesateliersbuissonniers.com\/index.php\/ils-parlent-de-nous\/","name":"Ils parlent de nous - Les Ateliers Buissonniers","isPartOf":{"@id":"https:\/\/lesateliersbuissonniers.com\/#website"},"primaryImageOfPage":{"@id":"https:\/\/lesateliersbuissonniers.com\/index.php\/ils-parlent-de-nous\/#primaryimage"},"datePublished":"2022-04-12T15:09:06+00:00","dateModified":"2024-05-22T19:08:44+00:00","description":"Bienvenue chez les Ateliers Buissonniers ! Joyeuse troupe de th\u00e9\u00e2tre \u00e0 Ferney-Voltaire.","breadcrumb":{"@id":"https:\/\/lesateliersbuissonniers.com\/index.php\/ils-parlent-de-nous\/#breadcrumb"},"inLanguage":"fr-FR","potentialAction":[{"@type":"ReadAction","target":["https:\/\/lesateliersbuissonniers.com\/index.php\/ils-parlent-de-nous\/"]}]},{"@type":"BreadcrumbList","@id":"https:\/\/lesateliersbuissonniers.com\/index.php\/ils-parlent-de-nous\/#breadcrumb","itemListElement":[{"@type":"ListItem","position":1,"name":"Accueil","item":"https:\/\/lesateliersbuissonniers.com\/"},{"@type":"ListItem","position":2,"name":"Ils parlent de nous"}]}]}},"_links":{"self":[{"href":"https:\/\/lesateliersbuissonniers.com\/index.php\/wp-json\/wp\/v2\/pages\/110","targetHints":{"allow":["GET"]}}],"collection":[{"href":"https:\/\/lesateliersbuissonniers.com\/index.php\/wp-json\/wp\/v2\/pages"}],"about":[{"href":"https:\/\/lesateliersbuissonniers.com\/index.php\/wp-json\/wp\/v2\/types\/page"}],"author":[{"embeddable":true,"href":"https:\/\/lesateliersbuissonniers.com\/index.php\/wp-json\/wp\/v2\/users\/1"}],"replies":[{"embeddable":true,"href":"https:\/\/lesateliersbuissonniers.com\/index.php\/wp-json\/wp\/v2\/comments?post=110"}],"version-history":[{"count":10,"href":"https:\/\/lesateliersbuissonniers.com\/index.php\/wp-json\/wp\/v2\/pages\/110\/revisions"}],"predecessor-version":[{"id":527,"href":"https:\/\/lesateliersbuissonniers.com\/index.php\/wp-json\/wp\/v2\/pages\/110\/revisions\/527"}],"wp:attachment":[{"href":"https:\/\/lesateliersbuissonniers.com\/index.php\/wp-json\/wp\/v2\/media?parent=110"}],"curies":[{"name":"wp","href":"https:\/\/api.w.org\/{rel}","templated":true}]}}